{"id":2179,"date":"2025-12-09T10:53:30","date_gmt":"2025-12-09T06:53:30","guid":{"rendered":"https:\/\/mitci.govmu.org\/mitci\/?page_id=2179"},"modified":"2025-12-10T13:53:34","modified_gmt":"2025-12-10T09:53:34","slug":"violence-numerique-contre-les-enfants-comprendre-proteger-et-agir","status":"publish","type":"page","link":"https:\/\/mitci.govmu.org\/mitci\/violence-numerique-contre-les-enfants-comprendre-proteger-et-agir\/","title":{"rendered":"\u201cViolence Num\u00e9rique Contre Les Enfants: Comprendre, Proteger et Agir\u201d"},"content":{"rendered":"\t\t<div data-elementor-type=\"wp-page\" data-elementor-id=\"2179\" class=\"elementor elementor-2179\" data-elementor-post-type=\"page\">\n\t\t\t\t<div class=\"elementor-element elementor-element-4ca77ee e-flex e-con-boxed e-con e-parent\" data-id=\"4ca77ee\" data-element_type=\"container\" data-settings=\"{&quot;background_background&quot;:&quot;classic&quot;}\">\n\t\t\t\t\t<div class=\"e-con-inner\">\n\t\t\t\t<div class=\"elementor-element elementor-element-fff69b8 elementor-widget elementor-widget-heading\" data-id=\"fff69b8\" data-element_type=\"widget\" data-widget_type=\"heading.default\">\n\t\t\t\t<div class=\"elementor-widget-container\">\n\t\t\t\t\t<h2 class=\"elementor-heading-title elementor-size-default\">Violence Num\u00e9rique Contre Les Enfants <\/h2>\t\t\t\t<\/div>\n\t\t\t\t<\/div>\n\t\t\t\t<div class=\"elementor-element elementor-element-ee247e4 elementor-widget elementor-widget-heading\" data-id=\"ee247e4\" data-element_type=\"widget\" data-widget_type=\"heading.default\">\n\t\t\t\t<div class=\"elementor-widget-container\">\n\t\t\t\t\t<h3 class=\"elementor-heading-title elementor-size-default\">Comprendre, Prot\u00e9ger et Agir<\/h3>\t\t\t\t<\/div>\n\t\t\t\t<\/div>\n\t\t\t\t\t<\/div>\n\t\t\t\t<\/div>\n\t\t<div class=\"elementor-element elementor-element-48407e9 e-con-full e-flex e-con e-parent\" data-id=\"48407e9\" data-element_type=\"container\">\n\t\t<div class=\"elementor-element elementor-element-3b61af8 e-con-full e-flex e-con e-child\" data-id=\"3b61af8\" data-element_type=\"container\" data-settings=\"{&quot;animation&quot;:&quot;none&quot;}\">\n\t\t\t\t<div class=\"elementor-element elementor-element-fdbbf82 elementor-invisible elementor-widget elementor-widget-image\" data-id=\"fdbbf82\" data-element_type=\"widget\" data-settings=\"{&quot;_animation&quot;:&quot;fadeInDown&quot;}\" data-widget_type=\"image.default\">\n\t\t\t\t<div class=\"elementor-widget-container\">\n\t\t\t\t\t\t\t\t\t\t\t\t\t\t\t<img fetchpriority=\"high\" decoding=\"async\" width=\"837\" height=\"496\" src=\"https:\/\/mitci.govmu.org\/mitci\/wp-content\/uploads\/2025\/12\/mainscreen.jpg\" class=\"attachment-full size-full wp-image-2186\" alt=\"\" srcset=\"https:\/\/mitci.govmu.org\/mitci\/wp-content\/uploads\/2025\/12\/mainscreen.jpg 837w, https:\/\/mitci.govmu.org\/mitci\/wp-content\/uploads\/2025\/12\/mainscreen-300x178.jpg 300w, https:\/\/mitci.govmu.org\/mitci\/wp-content\/uploads\/2025\/12\/mainscreen-768x455.jpg 768w\" sizes=\"(max-width: 837px) 100vw, 837px\" \/>\t\t\t\t\t\t\t\t\t\t\t\t\t\t\t<\/div>\n\t\t\t\t<\/div>\n\t\t\t\t<div class=\"elementor-element elementor-element-2e1dc39 elementor-invisible elementor-widget elementor-widget-heading\" data-id=\"2e1dc39\" data-element_type=\"widget\" data-settings=\"{&quot;_animation&quot;:&quot;zoomIn&quot;}\" data-widget_type=\"heading.default\">\n\t\t\t\t<div class=\"elementor-widget-container\">\n\t\t\t\t\t<h2 class=\"elementor-heading-title elementor-size-default\">Unissons pour mettre fin aux violences num\u00e9riques<\/h2>\t\t\t\t<\/div>\n\t\t\t\t<\/div>\n\t\t\t\t<div class=\"elementor-element elementor-element-6b27405 elementor-align-center elementor-invisible elementor-widget elementor-widget-button\" data-id=\"6b27405\" data-element_type=\"widget\" data-settings=\"{&quot;_animation&quot;:&quot;zoomIn&quot;}\" data-widget_type=\"button.default\">\n\t\t\t\t<div class=\"elementor-widget-container\">\n\t\t\t\t\t\t\t\t\t<div class=\"elementor-button-wrapper\">\n\t\t\t\t\t<a class=\"elementor-button elementor-button-link elementor-size-sm\" href=\"\/mitci\/violence-numerique-contre-les-enfants-le-livret\">\n\t\t\t\t\t\t<span class=\"elementor-button-content-wrapper\">\n\t\t\t\t\t\t<span class=\"elementor-button-icon\">\n\t\t\t\t<svg aria-hidden=\"true\" class=\"e-font-icon-svg e-fas-chevron-right\" viewBox=\"0 0 320 512\" xmlns=\"http:\/\/www.w3.org\/2000\/svg\"><path d=\"M285.476 272.971L91.132 467.314c-9.373 9.373-24.569 9.373-33.941 0l-22.667-22.667c-9.357-9.357-9.375-24.522-.04-33.901L188.505 256 34.484 101.255c-9.335-9.379-9.317-24.544.04-33.901l22.667-22.667c9.373-9.373 24.569-9.373 33.941 0L285.475 239.03c9.373 9.372 9.373 24.568.001 33.941z\"><\/path><\/svg>\t\t\t<\/span>\n\t\t\t\t\t\t\t\t\t<span class=\"elementor-button-text\">Acc\u00e9der au livret<\/span>\n\t\t\t\t\t<\/span>\n\t\t\t\t\t<\/a>\n\t\t\t\t<\/div>\n\t\t\t\t\t\t\t\t<\/div>\n\t\t\t\t<\/div>\n\t\t\t\t<\/div>\n\t\t\t\t<\/div>\n\t\t<div class=\"elementor-element elementor-element-c530039 e-flex e-con-boxed e-con e-parent\" data-id=\"c530039\" data-element_type=\"container\">\n\t\t\t\t\t<div class=\"e-con-inner\">\n\t\t<div class=\"elementor-element elementor-element-751b7c0 e-con-full e-flex e-con e-child\" data-id=\"751b7c0\" data-element_type=\"container\">\n\t\t\t\t<div class=\"elementor-element elementor-element-f3f9368 elementor-widget elementor-widget-text-editor\" data-id=\"f3f9368\" data-element_type=\"widget\" data-widget_type=\"text-editor.default\">\n\t\t\t\t<div class=\"elementor-widget-container\">\n\t\t\t\t\t\t\t\t\t<p style=\"text-align: center;\">Video 1 &#8211; Formes de Violence Num\u00e9rique<\/p>\t\t\t\t\t\t\t\t<\/div>\n\t\t\t\t<\/div>\n\t\t\t\t<div class=\"elementor-element elementor-element-4530418 elementor-widget elementor-widget-video\" data-id=\"4530418\" data-element_type=\"widget\" data-settings=\"{&quot;video_type&quot;:&quot;hosted&quot;,&quot;controls&quot;:&quot;yes&quot;}\" data-widget_type=\"video.default\">\n\t\t\t\t<div class=\"elementor-widget-container\">\n\t\t\t\t\t\t\t<div class=\"e-hosted-video elementor-wrapper elementor-open-inline\">\n\t\t\t\t\t<video class=\"elementor-video\" src=\"https:\/\/mitci.govmu.org\/mitci\/wp-content\/uploads\/2025\/12\/Video01.mp4\" controls=\"\" preload=\"metadata\" controlsList=\"nodownload\"><\/video>\n\t\t\t\t<\/div>\n\t\t\t\t\t\t<\/div>\n\t\t\t\t<\/div>\n\t\t\t\t<\/div>\n\t\t<div class=\"elementor-element elementor-element-879fa06 e-con-full e-flex e-con e-child\" data-id=\"879fa06\" data-element_type=\"container\">\n\t\t\t\t<div class=\"elementor-element elementor-element-c384540 elementor-widget elementor-widget-text-editor\" data-id=\"c384540\" data-element_type=\"widget\" data-widget_type=\"text-editor.default\">\n\t\t\t\t<div class=\"elementor-widget-container\">\n\t\t\t\t\t\t\t\t\t<p>Video 2 &#8211; Cons\u00e9quences et Effets de la Violence Num\u00e9rique<\/p>\t\t\t\t\t\t\t\t<\/div>\n\t\t\t\t<\/div>\n\t\t\t\t<div class=\"elementor-element elementor-element-d7d0932 elementor-widget elementor-widget-video\" data-id=\"d7d0932\" data-element_type=\"widget\" data-settings=\"{&quot;video_type&quot;:&quot;hosted&quot;,&quot;controls&quot;:&quot;yes&quot;}\" data-widget_type=\"video.default\">\n\t\t\t\t<div class=\"elementor-widget-container\">\n\t\t\t\t\t\t\t<div class=\"e-hosted-video elementor-wrapper elementor-open-inline\">\n\t\t\t\t\t<video class=\"elementor-video\" src=\"https:\/\/mitci.govmu.org\/mitci\/wp-content\/uploads\/2025\/12\/Video02.mp4\" controls=\"\" preload=\"metadata\" controlsList=\"nodownload\"><\/video>\n\t\t\t\t<\/div>\n\t\t\t\t\t\t<\/div>\n\t\t\t\t<\/div>\n\t\t\t\t<\/div>\n\t\t<div class=\"elementor-element elementor-element-04f8c02 e-con-full e-flex e-con e-child\" data-id=\"04f8c02\" data-element_type=\"container\">\n\t\t\t\t<div class=\"elementor-element elementor-element-d5c08e0 elementor-widget elementor-widget-text-editor\" data-id=\"d5c08e0\" data-element_type=\"widget\" data-widget_type=\"text-editor.default\">\n\t\t\t\t<div class=\"elementor-widget-container\">\n\t\t\t\t\t\t\t\t\t<p style=\"text-align: center;\">Video 3 &#8211; Les droits des enfants et la responsalibit\u00e9 parentale<\/p>\t\t\t\t\t\t\t\t<\/div>\n\t\t\t\t<\/div>\n\t\t\t\t<div class=\"elementor-element elementor-element-0cc9efb elementor-widget elementor-widget-video\" data-id=\"0cc9efb\" data-element_type=\"widget\" data-settings=\"{&quot;video_type&quot;:&quot;hosted&quot;,&quot;controls&quot;:&quot;yes&quot;}\" data-widget_type=\"video.default\">\n\t\t\t\t<div class=\"elementor-widget-container\">\n\t\t\t\t\t\t\t<div class=\"e-hosted-video elementor-wrapper elementor-open-inline\">\n\t\t\t\t\t<video class=\"elementor-video\" src=\"https:\/\/mitci.govmu.org\/mitci\/wp-content\/uploads\/2025\/12\/Video03.mp4\" controls=\"\" preload=\"metadata\" controlsList=\"nodownload\"><\/video>\n\t\t\t\t<\/div>\n\t\t\t\t\t\t<\/div>\n\t\t\t\t<\/div>\n\t\t\t\t<\/div>\n\t\t<div class=\"elementor-element elementor-element-5aad810 e-con-full e-flex e-con e-child\" data-id=\"5aad810\" data-element_type=\"container\">\n\t\t\t\t<div class=\"elementor-element elementor-element-0a06d6b elementor-widget elementor-widget-text-editor\" data-id=\"0a06d6b\" data-element_type=\"widget\" data-widget_type=\"text-editor.default\">\n\t\t\t\t<div class=\"elementor-widget-container\">\n\t\t\t\t\t\t\t\t\t<p style=\"text-align: center;\">Video 4 &#8211; Reprendre le Contr<span class=\"Y2IQFc\" lang=\"fr\">\u00f4le<\/span><\/p>\t\t\t\t\t\t\t\t<\/div>\n\t\t\t\t<\/div>\n\t\t\t\t<div class=\"elementor-element elementor-element-5225400 elementor-widget elementor-widget-video\" data-id=\"5225400\" data-element_type=\"widget\" data-settings=\"{&quot;video_type&quot;:&quot;hosted&quot;,&quot;controls&quot;:&quot;yes&quot;}\" data-widget_type=\"video.default\">\n\t\t\t\t<div class=\"elementor-widget-container\">\n\t\t\t\t\t\t\t<div class=\"e-hosted-video elementor-wrapper elementor-open-inline\">\n\t\t\t\t\t<video class=\"elementor-video\" src=\"https:\/\/mitci.govmu.org\/mitci\/wp-content\/uploads\/2025\/12\/Video04.mp4\" controls=\"\" preload=\"metadata\" controlsList=\"nodownload\"><\/video>\n\t\t\t\t<\/div>\n\t\t\t\t\t\t<\/div>\n\t\t\t\t<\/div>\n\t\t\t\t<\/div>\n\t\t\t\t\t<\/div>\n\t\t\t\t<\/div>\n\t\t\t\t<\/div>\n\t\t","protected":false},"excerpt":{"rendered":"<p>Violence Num\u00e9rique Contre Les Enfants Comprendre, Prot\u00e9ger et Agir Unissons pour mettre fin aux violences num\u00e9riques &nbsp; Acc\u00e9der au livret Video 1 &#8211; Formes de Violence Num\u00e9rique https:\/\/mitci.govmu.org\/mitci\/wp-content\/uploads\/2025\/12\/Video01.mp4 Video 2 &#8211; Cons\u00e9quences et Effets de la Violence Num\u00e9rique https:\/\/mitci.govmu.org\/mitci\/wp-content\/uploads\/2025\/12\/Video02.mp4 Video 3 &#8211; Les droits des enfants et la responsalibit\u00e9 parentale https:\/\/mitci.govmu.org\/mitci\/wp-content\/uploads\/2025\/12\/Video03.mp4 Video 4 &#8211; Reprendre [&hellip;]<\/p>\n","protected":false},"author":6,"featured_media":0,"parent":0,"menu_order":0,"comment_status":"closed","ping_status":"closed","template":"elementor_header_footer","meta":{"footnotes":""},"wf_page_folders":[41],"class_list":["post-2179","page","type-page","status-publish","hentry"],"_links":{"self":[{"href":"https:\/\/mitci.govmu.org\/mitci\/wp-json\/wp\/v2\/pages\/2179","targetHints":{"allow":["GET"]}}],"collection":[{"href":"https:\/\/mitci.govmu.org\/mitci\/wp-json\/wp\/v2\/pages"}],"about":[{"href":"https:\/\/mitci.govmu.org\/mitci\/wp-json\/wp\/v2\/types\/page"}],"author":[{"embeddable":true,"href":"https:\/\/mitci.govmu.org\/mitci\/wp-json\/wp\/v2\/users\/6"}],"replies":[{"embeddable":true,"href":"https:\/\/mitci.govmu.org\/mitci\/wp-json\/wp\/v2\/comments?post=2179"}],"version-history":[{"count":12,"href":"https:\/\/mitci.govmu.org\/mitci\/wp-json\/wp\/v2\/pages\/2179\/revisions"}],"predecessor-version":[{"id":2234,"href":"https:\/\/mitci.govmu.org\/mitci\/wp-json\/wp\/v2\/pages\/2179\/revisions\/2234"}],"wp:attachment":[{"href":"https:\/\/mitci.govmu.org\/mitci\/wp-json\/wp\/v2\/media?parent=2179"}],"wp:term":[{"taxonomy":"wf_page_folders","embeddable":true,"href":"https:\/\/mitci.govmu.org\/mitci\/wp-json\/wp\/v2\/wf_page_folders?post=2179"}],"curies":[{"name":"wp","href":"https:\/\/api.w.org\/{rel}","templated":true}]}}